{"id":55,"date":"2022-11-04T11:55:25","date_gmt":"2022-11-04T11:55:25","guid":{"rendered":"https:\/\/svalbardglaciers.wordpress.com\/?page_id=55"},"modified":"2024-10-14T08:11:57","modified_gmt":"2024-10-14T08:11:57","slug":"project","status":"publish","type":"page","link":"https:\/\/crios.pl\/pl\/project\/","title":{"rendered":"O projekcie CRIOS"},"content":{"rendered":"<figure class=\"wp-block-image size-large\"><img loading=\"lazy\" decoding=\"async\" width=\"1024\" height=\"326\" class=\"wp-image-381\" src=\"https:\/\/crios.pl\/wp-content\/uploads\/2022\/11\/CRIOS_logo-1-1024x326.png\" alt=\"\" srcset=\"https:\/\/crios.pl\/wp-content\/uploads\/2022\/11\/CRIOS_logo-1-1024x326.png 1024w, https:\/\/crios.pl\/wp-content\/uploads\/2022\/11\/CRIOS_logo-1-300x96.png 300w, https:\/\/crios.pl\/wp-content\/uploads\/2022\/11\/CRIOS_logo-1-768x245.png 768w, https:\/\/crios.pl\/wp-content\/uploads\/2022\/11\/CRIOS_logo-1-1536x489.png 1536w, https:\/\/crios.pl\/wp-content\/uploads\/2022\/11\/CRIOS_logo-1-18x6.png 18w, https:\/\/crios.pl\/wp-content\/uploads\/2022\/11\/CRIOS_logo-1-1568x500.png 1568w, https:\/\/crios.pl\/wp-content\/uploads\/2022\/11\/CRIOS_logo-1.png 2034w\" sizes=\"auto, (max-width: 1024px) 100vw, 1024px\" \/><\/figure>\r\n\r\n\r\n\r\n<p>Ta strona zawiera nast\u0119puj\u0105ce informacje:<\/p>\r\n\r\n\r\n\r\n<div class=\"wp-block-buttons is-layout-flex wp-block-buttons-is-layout-flex\">\r\n<div class=\"wp-block-button\"><a class=\"wp-block-button__link wp-element-button\" href=\"#projectobjectives\">1. Cele projektu<\/a><\/div>\r\n<\/div>\r\n\r\n\r\n\r\n<div class=\"wp-block-buttons is-layout-flex wp-block-buttons-is-layout-flex\">\r\n<div class=\"wp-block-button\"><a class=\"wp-block-button__link wp-element-button\" href=\"#projectsummary\">2. Opis projektu<\/a><\/div>\r\n<\/div>\r\n\r\n\r\n\r\n<div class=\"wp-block-buttons is-layout-flex wp-block-buttons-is-layout-flex\">\r\n<div class=\"wp-block-button\"><a class=\"wp-block-button__link wp-element-button\" href=\"#workpackages\">3. Pakiety robocze<\/a><\/div>\r\n<\/div>\r\n\r\n\r\n\r\n<div class=\"wp-block-buttons is-layout-flex wp-block-buttons-is-layout-flex\">\r\n<div class=\"wp-block-button\"><a class=\"wp-block-button__link wp-element-button\" href=\"#activities\">4. Dzia\u0142ania<\/a><\/div>\r\n<\/div>\r\n\r\n\r\n\r\n<div class=\"wp-block-buttons is-layout-flex wp-block-buttons-is-layout-flex\">\r\n<div class=\"wp-block-button\"><a class=\"wp-block-button__link wp-element-button\" href=\"#dissemination\">5. Upowszechnianie<\/a><\/div>\r\n<\/div>\r\n\r\n\r\n\r\n<p>Aby zobaczy\u0107 poszczeg\u00f3lne sekcje kliknij na przyciski powy\u017cej lub przewi\u0144 stron\u0119 w d\u00f3\u0142.<\/p>\r\n\r\n\r\n\r\n<div class=\"wp-block-spacer desktop-only\" style=\"height: 64px;\" aria-hidden=\"true\">\u00a0<\/div>\r\n\r\n\r\n\r\n<p>&nbsp;<\/p>\r\n\r\n\r\n\r\n<p id=\"projectobjectives\"><strong>1. Cele projektu<\/strong><\/p>\r\n\r\n\r\n\r\n<ul class=\"wp-block-list\">\r\n<li>stworzenie systemu cal\/val dla bada\u0144 po\u015brednich, np. badania radarowe, teledetekcyjne i in.<\/li>\r\n\r\n\r\n\r\n<li>zmodernizowanie i rozbudowa zautomatyzowanej sieci monitoringu dla kriosfery Spitsbergenu.\u00a0<\/li>\r\n\r\n\r\n\r\n<li>ujednolicenie i rozbudowa system\u00f3w monitoringu dla lokalizacji Hornsund, Longyearbyen i Ny-\u00c5lesund (stacje I poziomu). Wyposa\u017cenie ca\u0142ej infrastruktury badawczej polskich jednostek naukowych (stacje II stopnia) w najnowsze technologie monitorowania kriosfery.<\/li>\r\n\r\n\r\n\r\n<li>wybranie istniej\u0105cych lub opracowanie ujednoliconych protoko\u0142\u00f3w pomiarowych podczas wsp\u00f3lnych warsztat\u00f3w i szkole\u0144 w oparciu o proces SIOS Core Data.\u00a0<\/li>\r\n\r\n\r\n\r\n<li>przesy\u0142anie danych w czasie rzeczywistym do otwartych repozytori\u00f3w, zgodnie z zasadami FAIR, dla badaczy i decydent\u00f3w.<\/li>\r\n<\/ul>\r\n\r\n\r\n\r\n<div class=\"wp-block-spacer desktop-only\" style=\"height: 64px;\" aria-hidden=\"true\">\u00a0<\/div>\r\n\r\n\r\n\r\n<p id=\"projectsummary\"><strong>2. Opis projektu<\/strong><\/p>\r\n\r\n\r\n\r\n<p>Przyspieszenie ocieplenia Arktyki powoduje istotne zmiany w kriosferze Svalbardu (szybsze topnienie lodowc\u00f3w, rozmarzanie wieloletniej zmarzliny, zmiany w rozpocz\u0119ciu okresu ablacji) oraz stymuluje szybsz\u0105 wymian\u0119 energii pomi\u0119dzy atmosfer\u0105, kriosfer\u0105 i oceanem oraz transfer masy z l\u0105du do morza. Zaobserwowane wahania mierzonych parametr\u00f3w meteorologicznych pokazuj\u0105 regionalne\/lokalne r\u00f3\u017cnice w ociepleniu klimatu, a co za tym idzie, reakcji na inne czynniki \u015brodowiskowe. Dlatego w wielu lokalizacjach na Svalbardzie konieczne jest monitorowanie takich parametr\u00f3w i reakcji na \u015brodowisko. Rozmieszczenie d\u0142ugoterminowych stacji obserwacyjnych oraz  instytucji polskich i norweskich stanowisk pomiarowych wzd\u0142u\u017c ca\u0142ego zachodniego wybrze\u017ca Spitsbergenu daje szans\u0119 na lepsz\u0105 kwantyfikacj\u0119 obserwowanych zmian i ich g\u0142\u0119bsze zrozumienie.<\/p>\r\n\r\n\r\n\r\n<p>Celem tego projektu jest modernizacja i rozbudowa zautomatyzowanej sieci monitoringu skupionej na kriosferze Spitsbergenu jako systemu kalibracji\/walidacji w badaniach po\u015brednich (mapa poni\u017cej). W pierwszych krokach planujemy: <span style=\"text-decoration: underline;\">harmonizacja i rozszerzenie system\u00f3w monitoringowych<\/span> Hornsund, Longyearbyen i Ny-\u00c5lesund (stacje I poziomu), dwie ostatnie we wsp\u00f3\u0142pracy z partnerami norweskimi. Drugim etapem b\u0119dzie wyposa\u017cenie wszystkich infrastruktur badawczych polskich jednostek naukowych (stacje II stopnia): Stacji Polarnej Uniwersytetu Miko\u0142aja Kopernika, Stacji Polarnej im. Stanis\u0142awa Baranowskiego Spitsbergen Uniwersytetu Wroc\u0142awskiego, Stacji Polarnej Uniwersytetu im. Adama Mickiewicza, Stacji Polarnej Calypsobyen UMCS w najnowocze\u015bniejsze rozwi\u0105zania technologie monitorowania kriosfery. Wszystkie stacje pomiarowe b\u0119d\u0105 dzia\u0142a\u0107 zgodnie ze <span style=\"text-decoration: underline;\">standaryzowanymi protoko\u0142ami pomiarowymi<\/span> opracowanymi w ramach wsp\u00f3lnych warsztat\u00f3w i szkole\u0144 w oparciu o proces SIOS Core Data. Kluczowym elementem sieci obserwacyjnej b\u0119dzie <span style=\"text-decoration: underline;\">transfer danych w czasie rzeczywistym do otwartych repozytori\u00f3w<\/span>, zgodnie z zasadami FAIR, dla badaczy i decydent\u00f3w.<\/p>\r\n\r\n\r\n\r\n<figure class=\"wp-block-image size-full\"><a href=\"https:\/\/crios.pl\/wp-content\/uploads\/2022\/11\/crios_sites.png\"><img loading=\"lazy\" decoding=\"async\" width=\"901\" height=\"958\" class=\"wp-image-298\" src=\"https:\/\/crios.pl\/wp-content\/uploads\/2022\/11\/crios_sites.png\" alt=\"\" srcset=\"https:\/\/crios.pl\/wp-content\/uploads\/2022\/11\/crios_sites.png 901w, https:\/\/crios.pl\/wp-content\/uploads\/2022\/11\/crios_sites-282x300.png 282w, https:\/\/crios.pl\/wp-content\/uploads\/2022\/11\/crios_sites-768x817.png 768w, https:\/\/crios.pl\/wp-content\/uploads\/2022\/11\/crios_sites-11x12.png 11w\" sizes=\"auto, (max-width: 901px) 100vw, 901px\" \/><\/a>\r\n<figcaption class=\"wp-element-caption\">Lokalizacja miejsc monitoringu. Poziom I (czerwone tr\u00f3jk\u0105ty): NyA \u2013 Ny-\u00c5lesund, LYR \u2013 Longyearbyen, HOR \u2013 Hornsund. Poziom II (niebieskie tr\u00f3jk\u0105ty): KAF\/WDR \u2013 Kaffi\u00f8yra i Waldemarbreen, PTN\/SVN \u2013 Petuniabukta i Svenbreen, CLP\/RND \u2013 Calypsobyen i Renardbreen, ELV\/WRN \u2013 Elveflya i Werenskioldbreen.<\/figcaption>\r\n<\/figure>\r\n\r\n\r\n\r\n<div class=\"wp-block-spacer desktop-only\" style=\"height: 64px;\" aria-hidden=\"true\">\u00a0<\/div>\r\n\r\n\r\n\r\n<p id=\"workpackages\"><strong>3. Pakiety robocze<\/strong><\/p>\r\n\r\n\r\n\r\n<p>Projekt zosta\u0142 podzielony na sze\u015b\u0107 Pakiet\u00f3w Roboczych (Work Packages):<\/p>\r\n\r\n\r\n\r\n<ul class=\"wp-block-list\">\r\n<li>WP1: Zarz\u0105dzanie projektem\r\n<ul class=\"wp-block-list\">\r\n<li><em>Realizacja projektu wymaga pracy administracyjnej. W instytucji Lidera jest zapewnione stanowisko na pe\u0142en etat.<\/em><\/li>\r\n<\/ul>\r\n<\/li>\r\n\r\n\r\n\r\n<li>WP2: Ujednolicenie aparatury oraz standaryzacja procedur pomiarowych i format\u00f3w danych\r\n<ul class=\"wp-block-list\">\r\n<li><em>Zakup aparatury w procesie zam\u00f3wie\u0144 publicznych. Wszyscy partnerzy maj\u0105 do\u015bwiadczenie w zakupie odpowiedniego sprz\u0119tu, kontaktach z producentami i administracj\u0105 zaznajomion\u0105 ze specyfik\u0105 zakupu aparatury na Svalbardzie. Obecne op\u00f3\u017anienie w rozpocz\u0119ciu projektu jest uwzgl\u0119dnione w planowanych zakupach. Instytucje s\u0105 przygotowane do ustalenia priorytet\u00f3w zakupowych dla projektu CRIOS.<\/em><\/li>\r\n\r\n\r\n\r\n<li><em>Standardowe protoko\u0142y pomiarowe (WMO itp.), standardowe protoko\u0142y danych, mierzone zmienne (ECV, dane \u017ar\u00f3d\u0142owe SIOS, Arctic share variables \u2013 SAON, Arctic PASSION).<\/em><\/li>\r\n<\/ul>\r\n<\/li>\r\n\r\n\r\n\r\n<li>WP3: Instalacja sieci monitoruj\u0105cej\r\n<ul class=\"wp-block-list\">\r\n<li>Stacje poziomu 1 (sta\u0142y dost\u0119p do sieci elektrycznej, us\u0142uga ca\u0142oroczna)\r\n<ul class=\"wp-block-list\">\r\n<li><strong><em>Lokalizacja:<\/em><\/strong><em> Hornsund (tundra) (IGF PAN), Longyearbyen (tundra) (UNIS\/NPI, U\u015a), Ny-\u00c5lesund (tundra) (NPI, IGF PAN, UMK).<\/em><\/li>\r\n\r\n\r\n\r\n<li><strong><em>Sprz\u0119t:<\/em><\/strong><em> Wie\u017ce kowariancji wir\u00f3w w Hornsundzie i Longyearbyen, naro\u017cne reflektory InSAR, system monitorowania GNSS, czujniki \u015bniegu i lodu (SPICE, WISe).<\/em><\/li>\r\n\r\n\r\n\r\n<li><strong><em>Kampanie terenowe:<\/em><\/strong><em> wiosna 2023 r., lato 2023 r., wiosna 2024 r.<\/em><\/li>\r\n\r\n\r\n\r\n<li><em>Stacje poziomu 1 prowadz\u0105 r\u00f3\u017cnorodne rodzaje monitoringu (meteorologiczne, geofizyczne, glacjologiczne, hydrologiczne, chemiczne, teledetekcyjne itp.), z danych kt\u00f3re s\u0105 ju\u017c dost\u0119pne. Projekt ma na celu rozbudow\u0119 istniej\u0105cej infrastruktury o nowy monitoring, kt\u00f3rego konieczno\u015b\u0107 zosta\u0142a wskazana m.in. w rekomendacjach raportu SESS. Kolejnym celem jest uzupe\u0142nienie system\u00f3w monitorowania - na przyk\u0142ad, je\u015bli niekt\u00f3re pomiary s\u0105 przeprowadzane w <\/em><em>Ny-\u00c5lesund,<\/em><em> a nie w Hornsundzie. Zainstalowane zostan\u0105 wtedy odpowiednie przyrz\u0105dy w celu harmonizacji pomiar\u00f3w pod k\u0105tem mo\u017cliwo\u015bci przeprowadzenia analizy przestrzennej zmian w kriosferze zachodz\u0105cych na ca\u0142ym Svalbardzie. Planowany monitoring nie powiela istniej\u0105cego, lecz uzupe\u0142nia go lub modyfikuje.<\/em><\/li>\r\n<\/ul>\r\n<\/li>\r\n\r\n\r\n\r\n<li>Stacje poziomu 2 (zasilane bateryjnie, obs\u0142uga sezonowa)\r\n<ul class=\"wp-block-list\">\r\n<li><strong><em>Lokalizacja:<\/em><\/strong><em> Kaffi\u00f8yra (tundra - UMK, UWr) i Waldemarbreen (lodowiec - UMK), Petuniabukta (tundra - UAM, UWr) i Svenbreen (lodowiec - UAM), Calypsobyen (tundra, UMCS, UWr) i Renardbreen (lodowiec - UMCS, U\u015a), Elveflya (tundra - UWr) i Werenskioldbreen (lodowiec - U\u015a).<\/em><\/li>\r\n\r\n\r\n\r\n<li><strong><em>Sprz\u0119t:<\/em><\/strong><em> automatyczne stacje meteorologiczne (AWS), kamery poklatkowe (tylko tundra), sonda do pomiaru temperatury - wieloletnia zmarzlina, czujniki \u015bniegu i lodu (SPICE, WISe)<\/em><\/li>\r\n\r\n\r\n\r\n<li><strong><em>Kampanie terenowe:<\/em><\/strong><em> wiosna 2023 r., lato 2023 r., wiosna 2024 r.<\/em><\/li>\r\n\r\n\r\n\r\n<li><em>Stacje poziomu 2 do tej pory realizowa\u0142y kr\u00f3tkoterminowe pomiary zwi\u0105zane z projektami badawczymi. Uruchomienie sta\u0142ych punkt\u00f3w monitorowania w tych lokalizacjach ma kluczowe znaczenie dla prowadzenia bada\u0144 i walidacji modeli oraz produkt\u00f3w teledetekcyjnych.<\/em><\/li>\r\n<\/ul>\r\n<\/li>\r\n<\/ul>\r\n<\/li>\r\n\r\n\r\n\r\n<li>WP4: Zarz\u0105dzanie danymi i ich udost\u0119pnianie\r\n<ul class=\"wp-block-list\">\r\n<li><em>Ka\u017cda stacja b\u0119dzie wyposa\u017cona w modu\u0142 transmisji danych w czasie rzeczywistym (Iridium lub podobny).<\/em><\/li>\r\n\r\n\r\n\r\n<li><em>Transfer danych w czasie rzeczywistym do publicznie dost\u0119pnych repozytori\u00f3w (PPDB, ADC itp.) i portalu dost\u0119pu do danych SIOS (we wsp\u00f3\u0142pracy z MET.NO i SIOS).<\/em><\/li>\r\n<\/ul>\r\n<\/li>\r\n\r\n\r\n\r\n<li>WP5: Utrzymanie sieci\r\n<ul class=\"wp-block-list\">\r\n<li><em>Poniewa\u017c g\u0142\u00f3wnym celem jest dostarczanie otwartych danych, ostatnie miesi\u0105ce realizacji projektu zostan\u0105 po\u015bwi\u0119cone na zabezpieczenie sprz\u0119tu do jego dalszej dzia\u0142alno\u015bci.<\/em><\/li>\r\n<\/ul>\r\n<\/li>\r\n\r\n\r\n\r\n<li>WP6: Szkolenia i rozpowszechnianie informacji\r\n<ul class=\"wp-block-list\">\r\n<li><em>Wsp\u00f3lne spotkania, szkolenia i kursy dla cz\u0142onk\u00f3w projektu poprawi\u0105 jako\u015b\u0107 danych. Pi\u0119\u0107 grant\u00f3w podr\u00f3\u017cnych dla najlepszych magistrant\u00f3w i doktorant\u00f3w przyczyni si\u0119 do rozwoju ich umiej\u0119tno\u015bci i wiedzy. Organizacja warsztat\u00f3w podczas Tygodnia Nocy Polarnej w 2023 i 2024 r. u\u0142atwi upowszechnianie i promocj\u0119 wynik\u00f3w CRIOS oraz wzmocni wsp\u00f3\u0142prac\u0119 w zakresie artyku\u0142\u00f3w naukowych i kolejnych projekt\u00f3w.<\/em><\/li>\r\n<\/ul>\r\n<\/li>\r\n<\/ul>\r\n\r\n\r\n\r\n<div class=\"wp-block-spacer desktop-only\" style=\"height: 64px;\" aria-hidden=\"true\">\u00a0<\/div>\r\n\r\n\r\n\r\n<p id=\"activities\"><strong>4. Dzia\u0142ania<\/strong><\/p>\r\n\r\n\r\n\r\n<ul class=\"wp-block-list\">\r\n<li>Spotkania:\r\n<ul class=\"wp-block-list\">\r\n<li>Listopad\/grudzie\u0144 2022 r. -  inauguracyjne spotkanie projektu online.<\/li>\r\n\r\n\r\n\r\n<li>Stycze\u0144 2023 - spotkanie inauguracyjne CRIOS i warsztaty podczas <a href=\"https:\/\/sios-svalbard.org\/PolarNightWeek\" target=\"_blank\" rel=\"noreferrer noopener\">Polar Night Week (SIOS,<\/a> PNW)<\/li>\r\n\r\n\r\n\r\n<li>Stycze\u0144 2023 - spotkanie komitetu steruj\u0105cego podczas <a href=\"https:\/\/sios-svalbard.org\/PolarNightWeek\" target=\"_blank\" rel=\"noreferrer noopener\">Polar Night Week (SIOS,<\/a> PNW)<\/li>\r\n\r\n\r\n\r\n<li>Czerwiec 2023 - spotkanie online komitetu steruj\u0105cego<\/li>\r\n\r\n\r\n\r\n<li>Listopad 2023 - warsztaty CRIOS podczas Svalbard Science Conference<\/li>\r\n\r\n\r\n\r\n<li>Stycze\u0144 2024 r. - warsztaty CRIOS podczas Polar Night Week (SIOS, PNW)<\/li>\r\n\r\n\r\n\r\n<li>Stycze\u0144 2024 - spotkanie komitetu steruj\u0105cego podczas Polar Night Week (SIOS, PNW)<\/li>\r\n\r\n\r\n\r\n<li>Kwiecie\u0144 2024 - spotkanie online komitetu steruj\u0105cego<\/li>\r\n<\/ul>\r\n<\/li>\r\n<\/ul>\r\n\r\n\r\n\r\n<ul class=\"wp-block-list\">\r\n<li>Praca w terenie - wi\u0119cej informacji na <a href=\"https:\/\/www.researchinsvalbard.no\/project\/18390000-5bfa-72be-8a6d-08dabc161a88\/project-info\">Reaserch in Svalbard database<\/a>\r\n<ul class=\"wp-block-list\">\r\n<li>wiosna 2023<\/li>\r\n\r\n\r\n\r\n<li>lato 2023<\/li>\r\n\r\n\r\n\r\n<li>wiosna 2024<\/li>\r\n<\/ul>\r\n<\/li>\r\n<\/ul>\r\n\r\n\r\n\r\n<div class=\"wp-block-spacer desktop-only\" style=\"height: 64px;\" aria-hidden=\"true\">\u00a0<\/div>\r\n\r\n\r\n\r\n<p id=\"dissemination\"><strong>5. Upowszechnianie<\/strong><\/p>\r\n\r\n\r\n\r\n<p><a href=\"https:\/\/crios.pl\/pl\/outreach-materials\/\">Wi\u0119cej o naszej dzia\u0142alno\u015bci.<\/a><\/p>","protected":false},"excerpt":{"rendered":"<p>This page contains the following information: To see individual sections click on the buttons above or scroll down the page. &nbsp; 1. Project objectives 2. Project summary The acceleration of the Arctic warming causes significant changes in the cryosphere of Svalbard (faster melting of glaciers, thawing of the permafrost, changes in melting period onset and<a class=\"more-link\" href=\"https:\/\/crios.pl\/pl\/project\/\">Continue reading <span class=\"screen-reader-text\">&#8220;The CRIOS project&#8221;<\/span><\/a><\/p>","protected":false},"author":1,"featured_media":0,"parent":0,"menu_order":0,"comment_status":"closed","ping_status":"closed","template":"","meta":{"footnotes":""},"class_list":["post-55","page","type-page","status-publish","hentry","entry"],"_links":{"self":[{"href":"https:\/\/crios.pl\/pl\/wp-json\/wp\/v2\/pages\/55","targetHints":{"allow":["GET"]}}],"collection":[{"href":"https:\/\/crios.pl\/pl\/wp-json\/wp\/v2\/pages"}],"about":[{"href":"https:\/\/crios.pl\/pl\/wp-json\/wp\/v2\/types\/page"}],"author":[{"embeddable":true,"href":"https:\/\/crios.pl\/pl\/wp-json\/wp\/v2\/users\/1"}],"replies":[{"embeddable":true,"href":"https:\/\/crios.pl\/pl\/wp-json\/wp\/v2\/comments?post=55"}],"version-history":[{"count":12,"href":"https:\/\/crios.pl\/pl\/wp-json\/wp\/v2\/pages\/55\/revisions"}],"predecessor-version":[{"id":487,"href":"https:\/\/crios.pl\/pl\/wp-json\/wp\/v2\/pages\/55\/revisions\/487"}],"wp:attachment":[{"href":"https:\/\/crios.pl\/pl\/wp-json\/wp\/v2\/media?parent=55"}],"curies":[{"name":"wp","href":"https:\/\/api.w.org\/{rel}","templated":true}]}}