{"id":73,"date":"2022-11-07T21:10:02","date_gmt":"2022-11-07T21:10:02","guid":{"rendered":"https:\/\/svalbardglaciers.wordpress.com\/?page_id=73"},"modified":"2024-10-13T18:35:53","modified_gmt":"2024-10-13T18:35:53","slug":"data","status":"publish","type":"page","link":"https:\/\/crios.pl\/pl\/data\/","title":{"rendered":"Dost\u0119p do danych online"},"content":{"rendered":"<p><span style=\"text-decoration: underline;\"><\/span><\/p>\r\n<p class=\"translation-block\">Zainstalowana aparatura zosta\u0142a wprowadzona do katalogu SIOS Observation Facility Catalog (OFC). Katalog ten zosta\u0142 opracowany w celu zapewnienia przegl\u0105du obiekt\u00f3w obserwacyjnych, kt\u00f3re zbieraj\u0105 dane SIOS. Celem katalogu jest lepsze wykorzystanie istniej\u0105cej infrastruktury badawczej poprzez u\u0142atwienie wyszukiwania danych parametr\u00f3w i ich lokalizacji. W ten spos\u00f3b mo\u017cna unikn\u0105\u0107 duplikacji, a nowe pomiary mog\u0105 by\u0107 wsp\u00f3\u0142lokalizowane z istniej\u0105cymi. Katalog mo\u017ce by\u0107 r\u00f3wnie\u017c u\u017cywany do uzyskania prostego przegl\u0105du zebranych parametr\u00f3w i sposobu dost\u0119pu do danych.<\/p>\r\n\r\n\r\n\r\n<figure class=\"wp-block-image size-large\"><img loading=\"lazy\" decoding=\"async\" class=\"wp-image-321 aligncenter\" src=\"https:\/\/crios.pl\/wp-content\/uploads\/2022\/11\/svenbreen_aws-768x1024.jpg\" alt=\"\" width=\"516\" height=\"688\" srcset=\"https:\/\/crios.pl\/wp-content\/uploads\/2022\/11\/svenbreen_aws-768x1024.jpg 768w, https:\/\/crios.pl\/wp-content\/uploads\/2022\/11\/svenbreen_aws-225x300.jpg 225w, https:\/\/crios.pl\/wp-content\/uploads\/2022\/11\/svenbreen_aws-1152x1536.jpg 1152w, https:\/\/crios.pl\/wp-content\/uploads\/2022\/11\/svenbreen_aws-9x12.jpg 9w, https:\/\/crios.pl\/wp-content\/uploads\/2022\/11\/svenbreen_aws.jpg 1200w\" sizes=\"auto, (max-width: 516px) 100vw, 516px\" \/>\r\n<figcaption class=\"wp-element-caption\">Instalacja automatycznej stacji pogodowej (AWS) w Svenbreen we wrze\u015bniu 2011 r.<br \/><br \/><\/figcaption>\r\n<\/figure>\r\n\r\n<p><strong>Infrastruktura CRIOS w katalogu SIOS Observation Facility:<\/strong><\/p>\r\n<ul>\r\n<li><strong>Automatyczne stacje meteorologiczne (AWS):<\/strong><br \/><a href=\"https:\/\/sios-svalbard.org\/node\/152400\">https:\/\/sios-svalbard.org\/node\/152400<\/a><br \/><a href=\"https:\/\/sios-svalbard.org\/node\/152410\">https:\/\/sios-svalbard.org\/node\/152410<\/a><br \/><a href=\"https:\/\/sios-svalbard.org\/node\/152405\">https:\/\/sios-svalbard.org\/node\/152405<\/a><br \/><a href=\"https:\/\/sios-svalbard.org\/node\/153242\">https:\/\/sios-svalbard.org\/node\/153242<\/a><br \/><a href=\"https:\/\/sios-svalbard.org\/node\/153234\">https:\/\/sios-svalbard.org\/node\/153234<\/a><\/li>\r\n<li><strong>Reflektory naro\u017cne InSAR:<\/strong><br \/><a style=\"font-size: 1em; background-color: var(--wp--preset--color--background); font-family: var(--font-base, 'PT Sans', -apple-system, BlinkMacSystemFont, 'Segoe UI', 'Roboto', 'Oxygen', 'Ubuntu', 'Cantarell', 'Fira Sans', 'Droid Sans', 'Helvetica Neue', sans-serif);\" href=\"https:\/\/sios-svalbard.org\/node\/152396\">https:\/\/sios-svalbard.org\/node\/152396<\/a><br \/><a style=\"font-size: 1em; background-color: var(--wp--preset--color--background); font-family: var(--font-base, 'PT Sans', -apple-system, BlinkMacSystemFont, 'Segoe UI', 'Roboto', 'Oxygen', 'Ubuntu', 'Cantarell', 'Fira Sans', 'Droid Sans', 'Helvetica Neue', sans-serif);\" href=\"https:\/\/sios-svalbard.org\/node\/152397\">https:\/\/sios-svalbard.org\/node\/152397<\/a><br \/><a style=\"font-size: 1em; background-color: var(--wp--preset--color--background); font-family: var(--font-base, 'PT Sans', -apple-system, BlinkMacSystemFont, 'Segoe UI', 'Roboto', 'Oxygen', 'Ubuntu', 'Cantarell', 'Fira Sans', 'Droid Sans', 'Helvetica Neue', sans-serif);\" href=\"https:\/\/sios-svalbard.org\/node\/152398\">https:\/\/sios-svalbard.org\/node\/152398<\/a><br \/>Czwarty reflektor (nale\u017c\u0105cy do Uniwersytetu \u015al\u0105skiego) jest przechowywany w Longyearbyen i czeka na monta\u017c w wybranej lokalizacji we wsp\u00f3\u0142pracy z <em style=\"font-size: 1em; background-color: var(--wp--preset--color--background); color: var(--wp--preset--color--foreground); font-family: var(--font-base, 'PT Sans', -apple-system, BlinkMacSystemFont, 'Segoe UI', 'Roboto', 'Oxygen', 'Ubuntu', 'Cantarell', 'Fira Sans', 'Droid Sans', 'Helvetica Neue', sans-serif); text-decoration: underline;\">inSAR Svalbard Working Group<\/em><span style=\"font-size: 1em; background-color: var(--wp--preset--color--background); color: var(--wp--preset--color--foreground); font-family: var(--font-base, 'PT Sans', -apple-system, BlinkMacSystemFont, 'Segoe UI', 'Roboto', 'Oxygen', 'Ubuntu', 'Cantarell', 'Fira Sans', 'Droid Sans', 'Helvetica Neue', sans-serif);\"> (Liderzy: Norges Geologiske Unders\u00f8kelse i Norweskie Centrum Badawcze):<br \/><\/span><a style=\"font-size: 1em; background-color: var(--wp--preset--color--background); font-family: var(--font-base, 'PT Sans', -apple-system, BlinkMacSystemFont, 'Segoe UI', 'Roboto', 'Oxygen', 'Ubuntu', 'Cantarell', 'Fira Sans', 'Droid Sans', 'Helvetica Neue', sans-serif);\" href=\"https:\/\/sios-svalbard.org\/node\/152399\">https:\/\/sios-svalbard.org\/node\/152399<\/a><\/li>\r\n<li>\r\n<p><strong>SPICE: Autonomiczne stacje pomiaru g\u0142\u0119boko\u015bci \u015bniegu i ablacji lodowc\u00f3w:<\/strong><\/p>\r\n<p><a href=\"https:\/\/sios-svalbard.org\/node\/152393\">https:\/\/sios-svalbard.org\/node\/152393<\/a><\/p>\r\n<p><a href=\"https:\/\/sios-svalbard.org\/node\/152394\">https:\/\/sios-svalbard.org\/node\/152394<\/a><\/p>\r\n<p><a href=\"https:\/\/sios-svalbard.org\/node\/152409\">https:\/\/sios-svalbard.org\/node\/152409<\/a><\/p>\r\n<p><a href=\"https:\/\/sios-svalbard.org\/node\/152391\">https:\/\/sios-svalbard.org\/node\/152391<\/a><\/p>\r\n<p><a href=\"https:\/\/sios-svalbard.org\/node\/152392\">https:\/\/sios-svalbard.org\/node\/152392<\/a><\/p>\r\n<p><a href=\"https:\/\/sios-svalbard.org\/node\/152408\">https:\/\/sios-svalbard.org\/node\/152408<\/a><\/p>\r\n<p><a href=\"https:\/\/sios-svalbard.org\/node\/152395\">https:\/\/sios-svalbard.org\/node\/152395<\/a><\/p>\r\n<p><a href=\"https:\/\/sios-svalbard.org\/node\/152390\">https:\/\/sios-svalbard.org\/node\/152390<\/a><\/p>\r\n<p><a href=\"https:\/\/sios-svalbard.org\/node\/152404\">https:\/\/sios-svalbard.org\/node\/152404<\/a><\/p>\r\n<p><a href=\"https:\/\/sios-svalbard.org\/node\/152406\">https:\/\/sios-svalbard.org\/node\/152406<\/a><\/p>\r\n<p><a href=\"https:\/\/sios-svalbard.org\/node\/152401\">https:\/\/sios-svalbard.org\/node\/152401<\/a><\/p>\r\n<p><a href=\"https:\/\/sios-svalbard.org\/node\/152389\">https:\/\/sios-svalbard.org\/node\/152389<\/a><\/p>\r\n<p><a href=\"https:\/\/sios-svalbard.org\/node\/152403\">https:\/\/sios-svalbard.org\/node\/152403<\/a><\/p>\r\n<p><a href=\"https:\/\/sios-svalbard.org\/node\/153201\">https:\/\/sios-svalbard.org\/node\/153201<\/a><\/p>\r\n<p><a href=\"https:\/\/sios-svalbard.org\/node\/153203\">https:\/\/sios-svalbard.org\/node\/153203<\/a><\/p>\r\n<p><a href=\"https:\/\/sios-svalbard.org\/node\/153204\">https:\/\/sios-svalbard.org\/node\/153204<\/a><\/p>\r\n<p><a href=\"https:\/\/sios-svalbard.org\/node\/153243\">https:\/\/sios-svalbard.org\/node\/153243<\/a><\/p>\r\n<p><a href=\"https:\/\/sios-svalbard.org\/node\/153231\">https:\/\/sios-svalbard.org\/node\/153231<\/a><\/p>\r\n<a href=\"https:\/\/sios-svalbard.org\/node\/153246\">https:\/\/sios-svalbard.org\/node\/153246<\/a><br \/><a href=\"https:\/\/sios-svalbard.org\/node\/153247\">https:\/\/sios-svalbard.org\/node\/153247<\/a><br \/><a href=\"https:\/\/sios-svalbard.org\/node\/153248\">https:\/\/sios-svalbard.org\/node\/153248<\/a><\/li>\r\n<li>\r\n<p><strong>Ci\u0105gi termistor\u00f3w do pomiaru temperatury gruntu:<\/strong><\/p>\r\n<p><a href=\"https:\/\/sios-svalbard.org\/node\/152416\">https:\/\/sios-svalbard.org\/node\/152416<\/a><\/p>\r\n<p><a href=\"https:\/\/sios-svalbard.org\/node\/152415\">https:\/\/sios-svalbard.org\/node\/152415<\/a><\/p>\r\n<p><a href=\"https:\/\/sios-svalbard.org\/node\/152417\">https:\/\/sios-svalbard.org\/node\/152417<\/a><\/p>\r\n<p>Jeden naprawiony szereg czujnik\u00f3w temperatury wieloletniej zmarzliny i dwa dodatkowe, zakupione w 2024 r., zostan\u0105 zainstalowane przez Uniwersytet Wroc\u0142awski latem 2025 r.<\/p>\r\n<\/li>\r\n<li>\r\n<p><strong>Kamery poklatkowe:<\/strong><\/p>\r\n<p><a href=\"https:\/\/sios-svalbard.org\/node\/152402\">https:\/\/sios-svalbard.org\/node\/152402<\/a><\/p>\r\n<p><a href=\"https:\/\/sios-svalbard.org\/node\/152411\">https:\/\/sios-svalbard.org\/node\/152411<\/a><\/p>\r\n<p><a href=\"https:\/\/sios-svalbard.org\/node\/153204\">https:\/\/sios-svalbard.org\/node\/153204<\/a><\/p>\r\n<a href=\"https:\/\/sios-svalbard.org\/node\/153244\">https:\/\/sios-svalbard.org\/node\/153244<\/a><\/li>\r\n<li>\r\n<p><strong>Uk\u0142ad kowariancji wir\u00f3w::<br \/><\/strong><a href=\"https:\/\/sios-svalbard.org\/node\/153245\">https:\/\/sios-svalbard.org\/node\/153245<\/a> <br \/><a href=\"https:\/\/sios-svalbard.org\/node\/153249\">https:\/\/sios-svalbard.org\/node\/153249<\/a><br \/><br \/><\/p>\r\n<\/li>\r\n<\/ul>\r\n<p><strong>Udost\u0119pnianie danych<\/strong><\/p>\r\n<p>All the data are or will be available in the SIOS Data Portal via Met.NO and Polish Polar DataBase (which is currently undergoing modernisation as part of the HarSval project activity). Met.NO and Polish Polar DataBase are fully integrated with the SIOS Data Portal. As soon as the metadata between servers is updated, the data will be available via the SIOS Data Portal.\u00a0 Part of the data was downloaded from the instruments during fieldwork in August and September 2024. Currently, the data is undergoing quality control and metadata is being prepared to make the data available in repositories.<\/p>\r\n<ul>\r\n<li><strong>AWS:<\/strong> <br \/>Dane z zainstalowanych stacji AWS s\u0105 ju\u017c dost\u0119pne poprzez serwer MET.NO:<br \/><a href=\"https:\/\/thredds.met.no\/thredds\/catalog\/arcticdata\/crios\/aws\/catalog.html\">https:\/\/thredds.met.no\/thredds\/catalog\/arcticdata\/crios\/aws\/catalog.html<\/a> <br \/><br \/><\/li>\r\n<li>\r\n<p><strong>Stacja monitoruj\u0105ca GNSS-IR:<\/strong><\/p>\r\n<p><a href=\"http:\/\/www.grat.gik.pw.edu.pl\/CRIOS\/\">http:\/\/www.grat.gik.pw.edu.pl\/CRIOS\/<\/a> (login: CRIOS, has\u0142o: CRIOS).<\/p>\r\n<p>Dane zostan\u0105 r\u00f3wnie\u017c udost\u0119pnione w otwartym repozytorium na pocz\u0105tku 2025 r. (Polish Polar DataBase).<\/p>\r\n<\/li>\r\n<li>\r\n<p><strong>SPICE:<\/strong><\/p>\r\n<p>Dane z czujnik\u00f3w SPICE wykorzystuj\u0105cych transmisj\u0119 irydow\u0105 s\u0105 dost\u0119pne pod nast\u0119puj\u0105cymi linkami:<\/p>\r\n<p>\u00a0<a href=\"https:\/\/thingsboard.cloud\/dashboard\/ac31b1f0-cf98-11ed-a776-91b88e4188de?publicId=d7cda030-c246-11ed-9fed-91622243936c\">https:\/\/thingsboard.cloud\/dashboard\/ac31b1f0-cf98-11ed-a776-91b88e4188de?publicId=d7cda030-c246-11ed-9fed-91622243936c<\/a><\/p>\r\n<p>oraz na serwerze MET.NO:<\/p>\r\n<a href=\"https:\/\/thredds.met.no\/thredds\/catalog\/arcticdata\/crios\/spice\/catalog.html\">https:\/\/thredds.met.no\/thredds\/catalog\/arcticdata\/crios\/spice\/catalog.html<\/a><br \/>\r\n<p>Dane z czujnik\u00f3w SPICE, kt\u00f3re nie posiadaj\u0105 transmisji irydowej, s\u0105 dost\u0119pne na serwerze:<\/p>\r\n<p><a href=\"https:\/\/polaris.us.edu.pl\/share.cgi?ssid=0e50a7eaa13e41b482d2e51fd285e63a\">https:\/\/polaris.us.edu.pl\/share.cgi?ssid=0e50a7eaa13e41b482d2e51fd285e63a<\/a><\/p>\r\nPo modernizacji Polish Polar DataBase, dane b\u0119d\u0105 dost\u0119pne poprzez otwarte repozytorium (pierwszy kwarta\u0142 2025 r.).<\/li>\r\n<li>\r\n<p><strong>Ci\u0105gi termistor\u00f3w:<\/strong><\/p>\r\n<p>Dane i metadane z zainstalowanych ci\u0105g\u00f3w s\u0105 ju\u017c dost\u0119pne w Polish Polar DataBase:<\/p>\r\n<p><a href=\"https:\/\/ppdb.us.edu.pl\/geonetwork\/srv\/eng\/catalog.search#\/metadata\/2b21af71-50fc-4361-93b2-6804f1ca6bf1\">https:\/\/ppdb.us.edu.pl\/geonetwork\/srv\/eng\/catalog.search#\/metadata\/2b21af71-50fc-4361-93b2-6804f1ca6bf1<\/a><\/p>\r\n<p><a href=\"https:\/\/ppdb.us.edu.pl\/geonetwork\/srv\/eng\/catalog.search#\/metadata\/d576d792-d63e-4858-857f-d466b79e0941\">https:\/\/ppdb.us.edu.pl\/geonetwork\/srv\/eng\/catalog.search#\/metadata\/d576d792-d63e-4858-857f-d466b79e0941<\/a><\/p>\r\n<p><a href=\"https:\/\/ppdb.us.edu.pl\/geonetwork\/srv\/eng\/catalog.search#\/metadata\/f0c30b1d-6586-4393-aa0f-cb32bf62c4cd\">https:\/\/ppdb.us.edu.pl\/geonetwork\/srv\/eng\/catalog.search#\/metadata\/f0c30b1d-6586-4393-aa0f-cb32bf62c4cd<\/a><\/p>\r\n<p>oraz na serwerze PPDB:<\/p>\r\n<p><a href=\"https:\/\/polaris.us.edu.pl\/share.cgi?ssid=0e50a7eaa13e41b482d2e51fd285e63a\">https:\/\/polaris.us.edu.pl\/share.cgi?ssid=3daf6121de4a4e6398e82c1519e46085<\/a><\/p>\r\n<\/li>\r\n<li>\r\n<p><strong>Kamery poklatkowe:<\/strong><\/p>\r\n<p><a href=\"https:\/\/ppdb.us.edu.pl\/geonetwork\/srv\/eng\/catalog.search#\/metadata\/5ee391b4-dc1c-4469-b8d4-91d42adf7ffc\">https:\/\/ppdb.us.edu.pl\/geonetwork\/srv\/eng\/catalog.search#\/metadata\/5ee391b4-dc1c-4469-b8d4-91d42adf7ffc<\/a><\/p>\r\n<p><a href=\"https:\/\/ppdb.us.edu.pl\/geonetwork\/srv\/eng\/catalog.search#\/metadata\/d5806535-840d-48f9-989a-a029ebfeec9a\">https:\/\/ppdb.us.edu.pl\/geonetwork\/srv\/eng\/catalog.search#\/metadata\/d5806535-840d-48f9-989a-a029ebfeec9a<\/a><\/p>\r\n<a href=\"https:\/\/ppdb.us.edu.pl\/geonetwork\/srv\/eng\/catalog.search#\/metadata\/42ec1339-24a2-45d3-9c36-947a3e1122e8\">https:\/\/ppdb.us.edu.pl\/geonetwork\/srv\/eng\/catalog.search#\/metadata\/42ec1339-24a2-45d3-9c36-947a3e1122e8<\/a>\r\n<p><a href=\"https:\/\/ppdb.us.edu.pl\/geonetwork\/srv\/eng\/catalog.search#\/metadata\/1a161bec-42dc-4623-8f83-734542a44a7a\">https:\/\/ppdb.us.edu.pl\/geonetwork\/srv\/eng\/catalog.search#\/metadata\/1a161bec-42dc-4623-8f83-734542a44a7a<\/a><\/p>\r\n<p>oraz na serwerze PPDB:<\/p>\r\n<p><a href=\"https:\/\/polaris.us.edu.pl\/share.cgi?ssid=3daf6121de4a4e6398e82c1519e46085\">https:\/\/polaris.us.edu.pl\/share.cgi?ssid=3daf6121de4a4e6398e82c1519e46085<\/a><\/p>\r\n<p>Czwarta kamera zosta\u0142a ponownie uruchomiona w sierpniu 2024 r. po naprawie (uszkodzenie spowodowane przez nied\u017awiedzia polarnego), a dane zostan\u0105 pobrane i udost\u0119pnione w 2025 r.<\/p>\r\n<\/li>\r\n<li>\r\n<p><strong>Uk\u0142ad kowariancji wir\u00f3w::<\/strong><\/p>\r\n<p>The final installation of the Eddy Covariance Systems has been finalized in September 2024. All the data will be available in the SIOS Data Portal via Met.NO and Polish Polar DataBase (which is currently undergoing modernisation as part of the HarSval project activity) as soon as the appropriate data transfer protocols are prepared. Work is in progress.<\/p>\r\n<\/li>\r\n<\/ul>","protected":false},"excerpt":{"rendered":"<p>The already installed infrastructure has been entered into the SIOS Observation Facility Catalog (OFC). This catalogue has been developed to provide an overview of the observation facilities which collect SIOS data. The purpose of the catalogue is to make better use of the existing research infrastructure by facilitating the search for given parameters and their<a class=\"more-link\" href=\"https:\/\/crios.pl\/pl\/data\/\">Continue reading <span class=\"screen-reader-text\">&#8220;[LIVE] Online data access&#8221;<\/span><\/a><\/p>","protected":false},"author":1,"featured_media":0,"parent":0,"menu_order":0,"comment_status":"closed","ping_status":"closed","template":"","meta":{"footnotes":""},"class_list":["post-73","page","type-page","status-publish","hentry","entry"],"_links":{"self":[{"href":"https:\/\/crios.pl\/pl\/wp-json\/wp\/v2\/pages\/73","targetHints":{"allow":["GET"]}}],"collection":[{"href":"https:\/\/crios.pl\/pl\/wp-json\/wp\/v2\/pages"}],"about":[{"href":"https:\/\/crios.pl\/pl\/wp-json\/wp\/v2\/types\/page"}],"author":[{"embeddable":true,"href":"https:\/\/crios.pl\/pl\/wp-json\/wp\/v2\/users\/1"}],"replies":[{"embeddable":true,"href":"https:\/\/crios.pl\/pl\/wp-json\/wp\/v2\/comments?post=73"}],"version-history":[{"count":11,"href":"https:\/\/crios.pl\/pl\/wp-json\/wp\/v2\/pages\/73\/revisions"}],"predecessor-version":[{"id":482,"href":"https:\/\/crios.pl\/pl\/wp-json\/wp\/v2\/pages\/73\/revisions\/482"}],"wp:attachment":[{"href":"https:\/\/crios.pl\/pl\/wp-json\/wp\/v2\/media?parent=73"}],"curies":[{"name":"wp","href":"https:\/\/api.w.org\/{rel}","templated":true}]}}